{"id":83,"date":"2014-03-21T11:13:22","date_gmt":"2014-03-21T10:13:22","guid":{"rendered":"http:\/\/www.studioelle.org\/?page_id=83"},"modified":"2015-01-19T21:34:24","modified_gmt":"2015-01-19T20:34:24","slug":"chi-sono","status":"publish","type":"page","link":"https:\/\/www.studioelle.org\/?page_id=83","title":{"rendered":"chi sono"},"content":{"rendered":"<h3 style=\"text-align: center;\">Nato a Roma nel 1979, Leonardo ha iniziato a fotografare all&#8217;et\u00e0 di 9 anni con una macchina a pellicola dell Ricoh. Da qui \u00e8 iniziata la sua avventura in questo mondo affascinante utilzzando nel trascorrere degli anni apparecchiature sempre pi\u00f9 professionali passando dalla celebre Nikon F65 alle Nikon Top di Gamma in formato FX. Nel 2010 decide di aprire il suo sito web personale www.studioelle.org per mostrare agli amanti di foto i suoi scatti e il suo modo di fare fotografia.<\/h3>\n<h3 style=\"text-align: center;\">Laureato in scienze statistiche e lavorando in un ambito agli antipodi della fotografia, Leonardo continua a coltivare questa sua passione fotografando principalmente paesaggi e vita quotidiana ma con uno sguardo rivolto ai servizi matrimoniali su stile reportage che gli permettono\u00a0di trasmettere quello che \u00e8 il suo pensiero sulla fotografia&#8230;intesa come un &#8221;\u00a0<em><strong>istante che si pu\u00f2 rivivere per sempre<\/strong>\u00a0<\/em>&#8221; &#8230;<\/h3>\n<hr \/>\n<p>&nbsp;<\/p>\n<p style=\"text-align: center;\"><img loading=\"lazy\" decoding=\"async\" class=\"aligncenter wp-image-668 size-full\" src=\"http:\/\/www.studioelle.org\/wp-content\/uploads\/2014\/03\/leo_chi_sono_fig_comb_3.jpg\" alt=\"Chi Sono - www.studioelle.org\" width=\"900\" height=\"206\" srcset=\"https:\/\/www.studioelle.org\/wp-content\/uploads\/2014\/03\/leo_chi_sono_fig_comb_3.jpg 900w, https:\/\/www.studioelle.org\/wp-content\/uploads\/2014\/03\/leo_chi_sono_fig_comb_3-300x68.jpg 300w\" sizes=\"auto, (max-width: 900px) 100vw, 900px\" \/><\/p>\n<div align=\"center\">\n<h2><span style=\"color: white;\">Chi sono Leonardo Liberati Photography &#8211; www.studioelle.org &#8211;<\/span><\/h2>\n<\/div>\n<p><\/p>","protected":false},"excerpt":{"rendered":"<p>Nato a Roma nel 1979, Leonardo ha iniziato a fotografare all&#8217;et\u00e0 di 9 anni con una macchina a pellicola dell Ricoh. Da qui \u00e8 iniziata la sua avventura in questo mondo affascinante utilzzando nel trascorrere degli anni apparecchiature sempre pi\u00f9 professionali passando dalla celebre Nikon F65 alle Nikon Top di Gamma in formato FX. Nel [&hellip;]<\/p>\n","protected":false},"author":1,"featured_media":0,"parent":0,"menu_order":0,"comment_status":"closed","ping_status":"open","template":"","meta":{"ngg_post_thumbnail":0,"footnotes":""},"class_list":["post-83","page","type-page","status-publish","hentry"],"yoast_head":"<!-- This site is optimized with the Yoast SEO plugin v26.7 - https:\/\/yoast.com\/wordpress\/plugins\/seo\/ -->\n<title>Chi sono - Leonardo Liberati Photography<\/title>\n<meta name=\"description\" content=\"Leonardo Liberati Photography - www.studioelle.org - Chi Sono - Fotografo,Statistico,Concorsi, Premi, Menzioni Speciali.Sessioni fotografiche, Cerimonie\" \/>\n<meta name=\"robots\" content=\"index, follow, max-snippet:-1, max-image-preview:large, max-video-preview:-1\" \/>\n<link rel=\"canonical\" href=\"https:\/\/www.studioelle.org\/?page_id=83\" \/>\n<meta property=\"og:locale\" content=\"it_IT\" \/>\n<meta property=\"og:type\" content=\"article\" \/>\n<meta property=\"og:title\" content=\"Chi sono - Leonardo Liberati Photography\" \/>\n<meta property=\"og:description\" content=\"Leonardo Liberati Photography - www.studioelle.org - Chi Sono - Fotografo,Statistico,Concorsi, Premi, Menzioni Speciali.Sessioni fotografiche, Cerimonie\" \/>\n<meta property=\"og:url\" content=\"https:\/\/www.studioelle.org\/?page_id=83\" \/>\n<meta property=\"article:modified_time\" content=\"2015-01-19T20:34:24+00:00\" \/>\n<meta property=\"og:image\" content=\"http:\/\/www.studioelle.org\/wp-content\/uploads\/2014\/03\/leo_chi_sono_fig_comb_3.jpg\" \/>\n<meta name=\"twitter:label1\" content=\"Tempo di lettura stimato\" \/>\n\t<meta name=\"twitter:data1\" content=\"1 minuto\" \/>\n<script type=\"application\/ld+json\" class=\"yoast-schema-graph\">{\"@context\":\"https:\/\/schema.org\",\"@graph\":[{\"@type\":\"WebPage\",\"@id\":\"https:\/\/www.studioelle.org\/?page_id=83\",\"url\":\"https:\/\/www.studioelle.org\/?page_id=83\",\"name\":\"Chi sono - Leonardo Liberati Photography\",\"isPartOf\":{\"@id\":\"https:\/\/www.studioelle.org\/#website\"},\"primaryImageOfPage\":{\"@id\":\"https:\/\/www.studioelle.org\/?page_id=83#primaryimage\"},\"image\":{\"@id\":\"https:\/\/www.studioelle.org\/?page_id=83#primaryimage\"},\"thumbnailUrl\":\"http:\/\/www.studioelle.org\/wp-content\/uploads\/2014\/03\/leo_chi_sono_fig_comb_3.jpg\",\"datePublished\":\"2014-03-21T10:13:22+00:00\",\"dateModified\":\"2015-01-19T20:34:24+00:00\",\"description\":\"Leonardo Liberati Photography - www.studioelle.org - Chi Sono - Fotografo,Statistico,Concorsi, Premi, Menzioni Speciali.Sessioni fotografiche, Cerimonie\",\"breadcrumb\":{\"@id\":\"https:\/\/www.studioelle.org\/?page_id=83#breadcrumb\"},\"inLanguage\":\"it-IT\",\"potentialAction\":[{\"@type\":\"ReadAction\",\"target\":[\"https:\/\/www.studioelle.org\/?page_id=83\"]}]},{\"@type\":\"ImageObject\",\"inLanguage\":\"it-IT\",\"@id\":\"https:\/\/www.studioelle.org\/?page_id=83#primaryimage\",\"url\":\"https:\/\/www.studioelle.org\/wp-content\/uploads\/2014\/03\/leo_chi_sono_fig_comb_3.jpg\",\"contentUrl\":\"https:\/\/www.studioelle.org\/wp-content\/uploads\/2014\/03\/leo_chi_sono_fig_comb_3.jpg\",\"width\":900,\"height\":206,\"caption\":\"Chi Sono - www.studioelle.org\"},{\"@type\":\"BreadcrumbList\",\"@id\":\"https:\/\/www.studioelle.org\/?page_id=83#breadcrumb\",\"itemListElement\":[{\"@type\":\"ListItem\",\"position\":1,\"name\":\"Home\",\"item\":\"https:\/\/www.studioelle.org\/\"},{\"@type\":\"ListItem\",\"position\":2,\"name\":\"chi sono\"}]},{\"@type\":\"WebSite\",\"@id\":\"https:\/\/www.studioelle.org\/#website\",\"url\":\"https:\/\/www.studioelle.org\/\",\"name\":\"\",\"description\":\"\",\"potentialAction\":[{\"@type\":\"SearchAction\",\"target\":{\"@type\":\"EntryPoint\",\"urlTemplate\":\"https:\/\/www.studioelle.org\/?s={search_term_string}\"},\"query-input\":{\"@type\":\"PropertyValueSpecification\",\"valueRequired\":true,\"valueName\":\"search_term_string\"}}],\"inLanguage\":\"it-IT\"}]}<\/script>\n<!-- \/ Yoast SEO plugin. -->","yoast_head_json":{"title":"Chi sono - Leonardo Liberati Photography","description":"Leonardo Liberati Photography - www.studioelle.org - Chi Sono - Fotografo,Statistico,Concorsi, Premi, Menzioni Speciali.Sessioni fotografiche, Cerimonie","robots":{"index":"index","follow":"follow","max-snippet":"max-snippet:-1","max-image-preview":"max-image-preview:large","max-video-preview":"max-video-preview:-1"},"canonical":"https:\/\/www.studioelle.org\/?page_id=83","og_locale":"it_IT","og_type":"article","og_title":"Chi sono - Leonardo Liberati Photography","og_description":"Leonardo Liberati Photography - www.studioelle.org - Chi Sono - Fotografo,Statistico,Concorsi, Premi, Menzioni Speciali.Sessioni fotografiche, Cerimonie","og_url":"https:\/\/www.studioelle.org\/?page_id=83","article_modified_time":"2015-01-19T20:34:24+00:00","og_image":[{"url":"http:\/\/www.studioelle.org\/wp-content\/uploads\/2014\/03\/leo_chi_sono_fig_comb_3.jpg","type":"","width":"","height":""}],"twitter_misc":{"Tempo di lettura stimato":"1 minuto"},"schema":{"@context":"https:\/\/schema.org","@graph":[{"@type":"WebPage","@id":"https:\/\/www.studioelle.org\/?page_id=83","url":"https:\/\/www.studioelle.org\/?page_id=83","name":"Chi sono - Leonardo Liberati Photography","isPartOf":{"@id":"https:\/\/www.studioelle.org\/#website"},"primaryImageOfPage":{"@id":"https:\/\/www.studioelle.org\/?page_id=83#primaryimage"},"image":{"@id":"https:\/\/www.studioelle.org\/?page_id=83#primaryimage"},"thumbnailUrl":"http:\/\/www.studioelle.org\/wp-content\/uploads\/2014\/03\/leo_chi_sono_fig_comb_3.jpg","datePublished":"2014-03-21T10:13:22+00:00","dateModified":"2015-01-19T20:34:24+00:00","description":"Leonardo Liberati Photography - www.studioelle.org - Chi Sono - Fotografo,Statistico,Concorsi, Premi, Menzioni Speciali.Sessioni fotografiche, Cerimonie","breadcrumb":{"@id":"https:\/\/www.studioelle.org\/?page_id=83#breadcrumb"},"inLanguage":"it-IT","potentialAction":[{"@type":"ReadAction","target":["https:\/\/www.studioelle.org\/?page_id=83"]}]},{"@type":"ImageObject","inLanguage":"it-IT","@id":"https:\/\/www.studioelle.org\/?page_id=83#primaryimage","url":"https:\/\/www.studioelle.org\/wp-content\/uploads\/2014\/03\/leo_chi_sono_fig_comb_3.jpg","contentUrl":"https:\/\/www.studioelle.org\/wp-content\/uploads\/2014\/03\/leo_chi_sono_fig_comb_3.jpg","width":900,"height":206,"caption":"Chi Sono - www.studioelle.org"},{"@type":"BreadcrumbList","@id":"https:\/\/www.studioelle.org\/?page_id=83#breadcrumb","itemListElement":[{"@type":"ListItem","position":1,"name":"Home","item":"https:\/\/www.studioelle.org\/"},{"@type":"ListItem","position":2,"name":"chi sono"}]},{"@type":"WebSite","@id":"https:\/\/www.studioelle.org\/#website","url":"https:\/\/www.studioelle.org\/","name":"","description":"","potentialAction":[{"@type":"SearchAction","target":{"@type":"EntryPoint","urlTemplate":"https:\/\/www.studioelle.org\/?s={search_term_string}"},"query-input":{"@type":"PropertyValueSpecification","valueRequired":true,"valueName":"search_term_string"}}],"inLanguage":"it-IT"}]}},"_links":{"self":[{"href":"https:\/\/www.studioelle.org\/index.php?rest_route=\/wp\/v2\/pages\/83","targetHints":{"allow":["GET"]}}],"collection":[{"href":"https:\/\/www.studioelle.org\/index.php?rest_route=\/wp\/v2\/pages"}],"about":[{"href":"https:\/\/www.studioelle.org\/index.php?rest_route=\/wp\/v2\/types\/page"}],"author":[{"embeddable":true,"href":"https:\/\/www.studioelle.org\/index.php?rest_route=\/wp\/v2\/users\/1"}],"replies":[{"embeddable":true,"href":"https:\/\/www.studioelle.org\/index.php?rest_route=%2Fwp%2Fv2%2Fcomments&post=83"}],"version-history":[{"count":30,"href":"https:\/\/www.studioelle.org\/index.php?rest_route=\/wp\/v2\/pages\/83\/revisions"}],"predecessor-version":[{"id":669,"href":"https:\/\/www.studioelle.org\/index.php?rest_route=\/wp\/v2\/pages\/83\/revisions\/669"}],"wp:attachment":[{"href":"https:\/\/www.studioelle.org\/index.php?rest_route=%2Fwp%2Fv2%2Fmedia&parent=83"}],"curies":[{"name":"wp","href":"https:\/\/api.w.org\/{rel}","templated":true}]}}